{"id":7669,"date":"2017-10-11T08:50:02","date_gmt":"2017-10-11T08:50:02","guid":{"rendered":"https:\/\/franchise.auto5.be\/aan-uw-zijde-tijdens-het-avontuur\/"},"modified":"2024-05-24T12:14:39","modified_gmt":"2024-05-24T12:14:39","slug":"aan-uw-zijde-tijdens-het-avontuur","status":"publish","type":"page","link":"https:\/\/franchise.auto5.be\/nl\/aan-uw-zijde-tijdens-het-avontuur\/","title":{"rendered":"Aan uw zijde tijdens het avontuur"},"content":{"rendered":"<section class=\"wpb-content-wrapper\">[vc_row][vc_column][vc_custom_heading text=&#8221;We staan aan je zijde bij het dagelijkse beheer van je franchise&#8221; font_container=&#8221;tag:h1|text_align:center&#8221; use_theme_fonts=&#8221;yes&#8221;][vc_single_image image=&#8221;7616&#8243; img_size=&#8221;full&#8221; alignment=&#8221;center&#8221; el_class=&#8221;bandeau-img&#8221;][vc_column_text]<b>Denk je erover<\/b> om met ons een autocentrum te openen en heb je vragen over het management van je franchise ? Duik in onze wereld en ontdek hoe het dagelijkse management in onze franchises eruitziet.[\/vc_column_text][vc_raw_html]PGRpdiBjbGFzcz0idmNfYnRuMy1jb250YWluZXIgYnRuX3NldCB2Y19idG4zLWNlbnRlciI+CjxhIHN0eWxlPSJiYWNrZ3JvdW5kLWNvbG9yOiNlMDAwMDg7IGNvbG9yOiNmZmZmZmY7IiBjbGFzcz0idmNfZ2VuZXJhbCB2Y19idG4zIHZjX2J0bjMtc2l6ZS1tZCB2Y19idG4zLXNoYXBlLXJvdW5kIHZjX2J0bjMtc3R5bGUtY3VzdG9tIiBkYXRhLXRvZ2dsZT0ibW9kYWwiIGRhdGEtdGFyZ2V0PSIjbXlNb2RhbCI+Q29udGFjdGVlciBvbnM8L2E+CjwvZGl2Pg==[\/vc_raw_html][vc_column_text]\r\n<h2>Een team dat klaarstaat om te helpen bij het beheren van je franchise<\/h2>\r\n[\/vc_column_text][vc_column_text]Auto5 onderscheidt zich door zijn unieke benadering van het franchise management en biedt ondersteuning op maat vanaf het allereerste begin van je project. Deze ondersteuning blijft niet beperkt tot de opstartfase, maar gaat door tijdens je hele carri\u00e8re als franchisenemer. Met de hulp van onze experts profiteer je van effici\u00ebnt, stressvrij bedrijfsmanagement. Met de hulp van onze experts profiteer je van effici\u00ebnt, stressvrij bedrijfsmanagement.\n\nBovendien zijn onze teams op het hoofdkantoor net zo toegewijd aan onze ge\u00efntegreerde winkels als aan onze franchisenemers. Franchising is en blijft een fundamenteel onderdeel van ons bedrijfsmodel en garandeert consistentie en kwaliteit in ons hele franchisenetwerk.\r\n[\/vc_column_text][\/vc_column][\/vc_row][vc_row][vc_column][vc_custom_heading text=&#8221;Ondersteuning vanuit alle disciplines van de organisatie&#8221; font_container=&#8221;tag:h2|text_align:center&#8221; use_theme_fonts=&#8221;yes&#8221;][vc_column_text css=&#8221;.vc_custom_1712234096788{padding-right: 2% !important;padding-left: 2% !important;}&#8221;]\r\n<ul>\n \t<li><strong>De expansion manager voor franchises. <\/strong> Hij of zij zal uw contactpersoon zijn vanaf het moment dat u uw franchiseovereenkomst met Auto5 tekent en zal aan uw zijde staan wanneer u uw autocentrum opent. Hij zal u ook ondersteunen bij het ontwikkelen van uw project, inclusief het zoeken naar nieuwe locaties, en er tegelijkertijd voor zorgen dat uw franchise winstgevend is.<\/li>\n \t<li><strong>De franchisemanager<\/strong> : Vanaf het moment dat uw centrum opengaat en voor de duur van het contract, zal hij of zij uw dagelijkse contactpersoon zijn Hij geeft u advies en helpt u indien nodig om in contact te komen met de juiste personen.<\/li>\n \t<li><strong>De logistieke &amp; Merchandising afdeling.<\/strong> Ter voorbereiding op<strong>de opening<\/strong> van uw autocentrum zal het hoofd van deze afdeling u helpen bij het opzetten en inrichten van uw centrum, met name bij de installatie van gondels, de organisatie van schappen en de installatie van POS-displays&#8230; Hij zal ervoor zorgen dat uw verkooppunt optimaal gepresenteerd wordt.<\/li>\n \t<li><strong>Human resources<\/strong>. Onze HR-teams spelen een cruciale rol in het management van uw franchise door u actief bij te staan bij de werving van uw personeel. Zij voorzien u ook van essentieel dagelijks juridisch advies.<\/li>\n \t<li><strong>Trainers en workshop experts.<\/strong> Ze zijn essentieel om u te voorzien van initi\u00eble training en bijscholing, en om uw personeel te trainen.<\/li>\n \t<li><strong>De communicatie afdeling.<\/strong> Wanneer u een franchise opent, staat dit toegewijde team klaar om u te helpen bij uw communicatiestrategie\u00ebn met uw klanten. Bovendien profiteert u van de voordelen van een landelijke communicatiecampagne.<\/li>\n \t<li><strong>De verkoop afdeling.<\/strong> Haar rol omvat de dagelijkse uitvoering van de verkoopstrategie voor franchisenemers. Deze afdeling houdt zich onder andere ook bezig met het beheren van leveringen, het ontwikkelen van productassortimenten en promotionele aanbiedingen.<\/li>\n<\/ul>\r\n[\/vc_column_text][\/vc_column][\/vc_row][vc_row][vc_column][vc_custom_heading text=&#8221;Dagelijkse opleiding voor het management van uw franchise&#8221; font_container=&#8221;tag:h2|text_align:center&#8221; use_theme_fonts=&#8221;yes&#8221;][vc_column_text css=&#8221;.vc_custom_1708592386032{padding-right: 2% !important;padding-left: 2% !important;}&#8221;]Voortdurende training is cruciaal voor het effectieve management van uw Auto5 franchise. Naast een grondige initi\u00eble opleiding, zetten wij ons ook in voor doorlopende vorming. Dit zorgt ervoor dat uw team competent blijft en klaar staat om klantenservice van de hoogste kwaliteit te leveren. Elk jaar herziet en verbetert ons team ons aanbod aan trainingen om gelijke tred te houden met de marktontwikkelingen. Onze trainingsprogramma&#8217;s zijn online of persoonlijk beschikbaar en zijn zorgvuldig ontworpen om aan de specifieke behoeften van elke functie binnen ons netwerk te voldoen, van managers tot verkopers en monteurs. [\/vc_column_text][\/vc_column][\/vc_row][vc_row][vc_column][vc_custom_heading text=&#8221;Auto5 expertise tot uw dienst voor het management van uw franchise&#8221; font_container=&#8221;tag:h2|text_align:center&#8221; use_theme_fonts=&#8221;yes&#8221;][vc_column_text css=&#8221;.vc_custom_1712234110298{padding-right: 2% !important;padding-left: 2% !important;}&#8221;]Als leiders in de sector van de auto-centra in Belgi\u00eb, zetten we dagelijks onze expertise in ten dienste van onze franchisenemers. In het kort staat Auto5 voor :\n<ul>\n \t<li>Meer dan 50 jaar ervaring in auto-centra ;<\/li>\n \t<li>Een sterk <strong>merkimago<\/strong> op nationale schaal ;<\/li>\n \t<li>Een uitgebreid netwerk van 53 centra in Belgi\u00eb, waaronder 17 franchisenemers, verspreid over Brussel, Vlaanderen en Walloni\u00eb ;<\/li>\n \t<li>Een omzet van ongeveer 1,4 miljoen in ons netwerk van <strong>franchisevestigingen<\/strong> ;<\/li>\n \t<li>Meer dan tien <strong>ontwikkelingsmogelijkheden voor franchises<\/strong> ;<\/li>\n \t<li>Onderneming van de Mobivia-groep, met een <strong>bekendheid<\/strong> op Europees niveau.<\/li>\n \t<li>Een revolutionaire omnichannel aanpak, waarbij e-commerce wordt gecombineerd met fysieke winkels.<\/li>\n<\/ul>\r\n[\/vc_column_text][\/vc_column][\/vc_row][vc_row][vc_column][vc_empty_space height=&#8221;50px&#8221;][\/vc_column][\/vc_row]<\/section>","protected":false},"excerpt":{"rendered":"[vc_row][vc_column][vc_custom_heading text=&#8221;We staan aan je zijde bij het dagelijkse beheer van je franchise&#8221; font_container=&#8221;tag:h1|text_align:center&#8221; use_theme_fonts=&#8221;yes&#8221;][vc_single_image image=&#8221;7616&#8243; img_size=&#8221;full&#8221; alignment=&#8221;center&#8221; el_class=&#8221;bandeau-img&#8221;][vc_column_text]Denk je erover om met ons een autocentrum te openen en heb je vragen over het management van je franchise ? Duik in onze wereld en ontdek hoe het dagelijkse management in onze franchises eruitziet.[\/vc_column_text][vc_raw_html]PGRpdiBjbGFzcz0idmNfYnRuMy1jb250YWluZXIgYnRuX3NldCB2Y19idG4zLWNlbnRlciI+CjxhIHN0eWxlPSJiYWNrZ3JvdW5kLWNvbG9yOiNlMDAwMDg7IGNvbG9yOiNmZmZmZmY7IiBjbGFzcz0idmNfZ2VuZXJhbCB2Y19idG4zIHZjX2J0bjMtc2l6ZS1tZCB2Y19idG4zLXNoYXBlLXJvdW5kIHZjX2J0bjMtc3R5bGUtY3VzdG9tIiBkYXRhLXRvZ2dsZT0ibW9kYWwiIGRhdGEtdGFyZ2V0PSIjbXlNb2RhbCI+Q29udGFjdGVlciBvbnM8L2E+CjwvZGl2Pg==[\/vc_raw_html][vc_column_text] Een team<div><a class=\"btn-filled btn\" href=\"https:\/\/franchise.auto5.be\/nl\/aan-uw-zijde-tijdens-het-avontuur\/\" title=\"Aan uw zijde tijdens het avontuur\">Read More<\/a><\/div>","protected":false},"author":11,"featured_media":0,"parent":0,"menu_order":0,"comment_status":"closed","ping_status":"closed","template":"page-comment-fonctionne-une-franchis.php","meta":{"_acf_changed":false,"footnotes":""},"class_list":["post-7669","page","type-page","status-publish","hentry"],"acf":[],"yoast_head":"<!-- This site is optimized with the Yoast SEO plugin v27.5 - https:\/\/yoast.com\/product\/yoast-seo-wordpress\/ -->\n<title>Daarnaast wijzen we u een vaste contactpersoon toe om u te begeleiden.<\/title>\n<meta name=\"description\" content=\"Een franchise starten betekent voortdurende ondersteuning : een toegewijd team zal je adviseren en helpen bij het management van je franchise\" \/>\n<meta name=\"robots\" content=\"index, follow, max-snippet:-1, max-image-preview:large, max-video-preview:-1\" \/>\n<link rel=\"canonical\" href=\"https:\/\/franchise.auto5.be\/nl\/aan-uw-zijde-tijdens-het-avontuur\/\" \/>\n<meta property=\"og:locale\" content=\"nl_NL\" \/>\n<meta property=\"og:type\" content=\"article\" \/>\n<meta property=\"og:title\" content=\"Daarnaast wijzen we u een vaste contactpersoon toe om u te begeleiden.\" \/>\n<meta property=\"og:description\" content=\"Een franchise starten betekent voortdurende ondersteuning : een toegewijd team zal je adviseren en helpen bij het management van je franchise\" \/>\n<meta property=\"og:url\" content=\"https:\/\/franchise.auto5.be\/nl\/aan-uw-zijde-tijdens-het-avontuur\/\" \/>\n<meta property=\"og:site_name\" content=\"Site Auto 5\" \/>\n<meta property=\"article:publisher\" content=\"https:\/\/www.facebook.com\/Norautofr\" \/>\n<meta property=\"article:modified_time\" content=\"2024-05-24T12:14:39+00:00\" \/>\n<meta name=\"twitter:card\" content=\"summary_large_image\" \/>\n<meta name=\"twitter:site\" content=\"@NorautoFr\" \/>\n<meta name=\"twitter:label1\" content=\"Geschatte leestijd\" \/>\n\t<meta name=\"twitter:data1\" content=\"4 minuten\" \/>\n<script type=\"application\/ld+json\" class=\"yoast-schema-graph\">{\"@context\":\"https:\\\/\\\/schema.org\",\"@graph\":[{\"@type\":\"WebPage\",\"@id\":\"https:\\\/\\\/franchise.auto5.be\\\/nl\\\/aan-uw-zijde-tijdens-het-avontuur\\\/\",\"url\":\"https:\\\/\\\/franchise.auto5.be\\\/nl\\\/aan-uw-zijde-tijdens-het-avontuur\\\/\",\"name\":\"Daarnaast wijzen we u een vaste contactpersoon toe om u te begeleiden.\",\"isPartOf\":{\"@id\":\"https:\\\/\\\/franchise.auto5.be\\\/nl\\\/#website\"},\"datePublished\":\"2017-10-11T08:50:02+00:00\",\"dateModified\":\"2024-05-24T12:14:39+00:00\",\"description\":\"Een franchise starten betekent voortdurende ondersteuning : een toegewijd team zal je adviseren en helpen bij het management van je franchise\",\"inLanguage\":\"nl-NL\",\"potentialAction\":[{\"@type\":\"ReadAction\",\"target\":[\"https:\\\/\\\/franchise.auto5.be\\\/nl\\\/aan-uw-zijde-tijdens-het-avontuur\\\/\"]}]},{\"@type\":\"WebSite\",\"@id\":\"https:\\\/\\\/franchise.auto5.be\\\/nl\\\/#website\",\"url\":\"https:\\\/\\\/franchise.auto5.be\\\/nl\\\/\",\"name\":\"Site Auto 5\",\"description\":\"Le nouveau site Auto 5\",\"publisher\":{\"@id\":\"https:\\\/\\\/franchise.auto5.be\\\/nl\\\/#organization\"},\"potentialAction\":[{\"@type\":\"SearchAction\",\"target\":{\"@type\":\"EntryPoint\",\"urlTemplate\":\"https:\\\/\\\/franchise.auto5.be\\\/nl\\\/?s={search_term_string}\"},\"query-input\":{\"@type\":\"PropertyValueSpecification\",\"valueRequired\":true,\"valueName\":\"search_term_string\"}}],\"inLanguage\":\"nl-NL\"},{\"@type\":\"Organization\",\"@id\":\"https:\\\/\\\/franchise.auto5.be\\\/nl\\\/#organization\",\"name\":\"Site Auto 5\",\"url\":\"https:\\\/\\\/franchise.auto5.be\\\/nl\\\/\",\"logo\":{\"@type\":\"ImageObject\",\"inLanguage\":\"nl-NL\",\"@id\":\"https:\\\/\\\/franchise.auto5.be\\\/nl\\\/#\\\/schema\\\/logo\\\/image\\\/\",\"url\":\"https:\\\/\\\/franchise.auto5.be\\\/wp-content\\\/uploads\\\/2023\\\/07\\\/cropped-Logo-Auto5-fond-bleu.png\",\"contentUrl\":\"https:\\\/\\\/franchise.auto5.be\\\/wp-content\\\/uploads\\\/2023\\\/07\\\/cropped-Logo-Auto5-fond-bleu.png\",\"width\":135,\"height\":55,\"caption\":\"Site Auto 5\"},\"image\":{\"@id\":\"https:\\\/\\\/franchise.auto5.be\\\/nl\\\/#\\\/schema\\\/logo\\\/image\\\/\"},\"sameAs\":[\"https:\\\/\\\/www.facebook.com\\\/Norautofr\",\"https:\\\/\\\/x.com\\\/NorautoFr\",\"https:\\\/\\\/www.instagram.com\\\/norautofr\",\"http:\\\/\\\/www.youtube.com\\\/c\\\/norauto\"]}]}<\/script>\n<!-- \/ Yoast SEO plugin. -->","yoast_head_json":{"title":"Daarnaast wijzen we u een vaste contactpersoon toe om u te begeleiden.","description":"Een franchise starten betekent voortdurende ondersteuning : een toegewijd team zal je adviseren en helpen bij het management van je franchise","robots":{"index":"index","follow":"follow","max-snippet":"max-snippet:-1","max-image-preview":"max-image-preview:large","max-video-preview":"max-video-preview:-1"},"canonical":"https:\/\/franchise.auto5.be\/nl\/aan-uw-zijde-tijdens-het-avontuur\/","og_locale":"nl_NL","og_type":"article","og_title":"Daarnaast wijzen we u een vaste contactpersoon toe om u te begeleiden.","og_description":"Een franchise starten betekent voortdurende ondersteuning : een toegewijd team zal je adviseren en helpen bij het management van je franchise","og_url":"https:\/\/franchise.auto5.be\/nl\/aan-uw-zijde-tijdens-het-avontuur\/","og_site_name":"Site Auto 5","article_publisher":"https:\/\/www.facebook.com\/Norautofr","article_modified_time":"2024-05-24T12:14:39+00:00","twitter_card":"summary_large_image","twitter_site":"@NorautoFr","twitter_misc":{"Geschatte leestijd":"4 minuten"},"schema":{"@context":"https:\/\/schema.org","@graph":[{"@type":"WebPage","@id":"https:\/\/franchise.auto5.be\/nl\/aan-uw-zijde-tijdens-het-avontuur\/","url":"https:\/\/franchise.auto5.be\/nl\/aan-uw-zijde-tijdens-het-avontuur\/","name":"Daarnaast wijzen we u een vaste contactpersoon toe om u te begeleiden.","isPartOf":{"@id":"https:\/\/franchise.auto5.be\/nl\/#website"},"datePublished":"2017-10-11T08:50:02+00:00","dateModified":"2024-05-24T12:14:39+00:00","description":"Een franchise starten betekent voortdurende ondersteuning : een toegewijd team zal je adviseren en helpen bij het management van je franchise","inLanguage":"nl-NL","potentialAction":[{"@type":"ReadAction","target":["https:\/\/franchise.auto5.be\/nl\/aan-uw-zijde-tijdens-het-avontuur\/"]}]},{"@type":"WebSite","@id":"https:\/\/franchise.auto5.be\/nl\/#website","url":"https:\/\/franchise.auto5.be\/nl\/","name":"Site Auto 5","description":"Le nouveau site Auto 5","publisher":{"@id":"https:\/\/franchise.auto5.be\/nl\/#organization"},"potentialAction":[{"@type":"SearchAction","target":{"@type":"EntryPoint","urlTemplate":"https:\/\/franchise.auto5.be\/nl\/?s={search_term_string}"},"query-input":{"@type":"PropertyValueSpecification","valueRequired":true,"valueName":"search_term_string"}}],"inLanguage":"nl-NL"},{"@type":"Organization","@id":"https:\/\/franchise.auto5.be\/nl\/#organization","name":"Site Auto 5","url":"https:\/\/franchise.auto5.be\/nl\/","logo":{"@type":"ImageObject","inLanguage":"nl-NL","@id":"https:\/\/franchise.auto5.be\/nl\/#\/schema\/logo\/image\/","url":"https:\/\/franchise.auto5.be\/wp-content\/uploads\/2023\/07\/cropped-Logo-Auto5-fond-bleu.png","contentUrl":"https:\/\/franchise.auto5.be\/wp-content\/uploads\/2023\/07\/cropped-Logo-Auto5-fond-bleu.png","width":135,"height":55,"caption":"Site Auto 5"},"image":{"@id":"https:\/\/franchise.auto5.be\/nl\/#\/schema\/logo\/image\/"},"sameAs":["https:\/\/www.facebook.com\/Norautofr","https:\/\/x.com\/NorautoFr","https:\/\/www.instagram.com\/norautofr","http:\/\/www.youtube.com\/c\/norauto"]}]}},"post_mailing_queue_ids":[],"_links":{"self":[{"href":"https:\/\/franchise.auto5.be\/nl\/wp-json\/wp\/v2\/pages\/7669","targetHints":{"allow":["GET"]}}],"collection":[{"href":"https:\/\/franchise.auto5.be\/nl\/wp-json\/wp\/v2\/pages"}],"about":[{"href":"https:\/\/franchise.auto5.be\/nl\/wp-json\/wp\/v2\/types\/page"}],"author":[{"embeddable":true,"href":"https:\/\/franchise.auto5.be\/nl\/wp-json\/wp\/v2\/users\/11"}],"replies":[{"embeddable":true,"href":"https:\/\/franchise.auto5.be\/nl\/wp-json\/wp\/v2\/comments?post=7669"}],"version-history":[{"count":12,"href":"https:\/\/franchise.auto5.be\/nl\/wp-json\/wp\/v2\/pages\/7669\/revisions"}],"predecessor-version":[{"id":7858,"href":"https:\/\/franchise.auto5.be\/nl\/wp-json\/wp\/v2\/pages\/7669\/revisions\/7858"}],"wp:attachment":[{"href":"https:\/\/franchise.auto5.be\/nl\/wp-json\/wp\/v2\/media?parent=7669"}],"curies":[{"name":"wp","href":"https:\/\/api.w.org\/{rel}","templated":true}]}}